{"id":1156,"date":"2023-03-31T03:00:56","date_gmt":"2023-03-31T03:00:56","guid":{"rendered":"http:\/\/www.primedeer.com\/german\/?page_id=1156"},"modified":"2024-03-07T00:35:02","modified_gmt":"2024-03-07T00:35:02","slug":"nutritional-venison-patties","status":"publish","type":"page","link":"https:\/\/www.primedeer.com\/german\/nutritional-venison-patties\/","title":{"rendered":"Nutritional Venison Patties"},"content":{"rendered":"\n\n\t<h2>Wir entwickeln und liefern ern\u00e4hrungsphysiologisch hochwertige Wildfleischpasteten, die zus\u00e4tzlich zu den Vorteilen des Hirschfleisches weitere Inhaltsstoffe zur Verbesserung der angestrebten gesundheitlichen Vorteile enthalten.<\/h2>\n<h3>\n\t\tWarum ist Wildfleisch gut f\u00fcr Sie?\n\t<\/h3>\n\t<h5>Die ern\u00e4hrungsphysiologische Besonderheit von Hirschfleisch ist, dass es relativ wenig Fett und ges\u00e4ttigte Fetts\u00e4uren enth\u00e4lt. Hirschfleisch enth\u00e4lt in der Regel 1,6 g Fett pro 100 g Hirschfleisch. Im Vergleich dazu enth\u00e4lt grasgef\u00fcttertes Rindfleisch etwa 4,5 g. Eine Ern\u00e4hrung mit einem hohen Anteil an ges\u00e4ttigten Fetten kann den Cholesterinspiegel erh\u00f6hen und das Krankheitsrisiko steigern. Au\u00dferdem zeigen viele Studien verschiedene Vorteile von Hirschfleisch.<\/h5>\n<h3>\n\t\tEnergie und Immunit\u00e4t\n\t<\/h3>\n\t<p>Unser 1 St\u00fcck (ca. 40g) nahrhaftes Wildbret f\u00fcr Energie und Immunit\u00e4t enth\u00e4lt:<\/p>\n<ul>\n<li>mindestens 100 mg eines wasserl\u00f6slichen Samtextraktpulvers,<\/li>\n<li>verschiedene Extraktpulver auf pflanzlicher Basis zur Steigerung von Energie und Immunit\u00e4t,<\/li>\n<li>mehr als 500 mg Valin, 800 mg Leucin und 400 mg Isoleucin (10 St\u00fcck Patties liefern 5 g Valin, 8 g Leucin und 4 g Isoleucin), zusammen mit verschiedenen Mengen verschiedener Aminos\u00e4uren, und<\/li>\n<li>mindestens 300 mg Phospholipide (10 St\u00fcck Patties liefern 3 g Phospholipide).<\/li>\n<\/ul>\n<p>Valin spielt eine Rolle bei der Muskelsynthese, und Leucin k\u00f6nnte bei der Behandlung des metabolischen Syndroms von Bedeutung sein. Isoleucin kann die Energie steigern und das Immunsystem verbessern, indem es bei der Produktion von H\u00e4moglobin mitwirkt.<\/p>\n<p>Phospholipide spielen eine entscheidende Rolle bei der St\u00e4rkung des Immunsystems und der Regulierung des Alterungsprozesses.<\/p>\n\t\t\t\t<img decoding=\"async\" src=\"http:\/\/www.primedeer.com\/german\/wp-content\/uploads\/2023\/04\/Replaced-Venison-Patties-La.png\" alt=\"Replaced-Venison-Patties-La\" itemprop=\"image\" title=\"Replaced-Venison-Patties-La\" onerror=\"this.style.display='none'\"  \/>\n\t<h3>Unsere nahrhaften Wildfleischpasteten k\u00f6nnen mit der vom Kunden gew\u00fcnschten Mischung, Gr\u00f6\u00dfe, Etikett und Verpackung geliefert werden.<\/h3>\n\t\t\t<a href=\"http:\/\/www.primedeer.com\/german\/contact\/\" target=\"_self\" rel=\"noopener\">\n\t\t\t\t\t\t\tKontakt aufnehmen\n\t\t\t<\/a>\n\n","protected":false},"excerpt":{"rendered":"<p>Wir entwickeln und liefern ern\u00e4hrungsphysiologisch hochwertige Wildfleischpasteten, die zus\u00e4tzlich zu den Vorteilen des Hirschfleisches weitere Inhaltsstoffe zur Verbesserung der angestrebten gesundheitlichen Vorteile enthalten. Warum ist Wildfleisch gut f\u00fcr Sie? Die ern\u00e4hrungsphysiologische Besonderheit von Hirschfleisch ist, dass es relativ wenig Fett und ges\u00e4ttigte Fetts\u00e4uren enth\u00e4lt. Hirschfleisch enth\u00e4lt in der Regel 1,6 g Fett pro 100 g&hellip;<\/p>\n","protected":false},"author":1,"featured_media":0,"parent":0,"menu_order":0,"comment_status":"closed","ping_status":"closed","template":"","meta":{"footnotes":""},"class_list":["post-1156","page","type-page","status-publish","hentry"],"_links":{"self":[{"href":"https:\/\/www.primedeer.com\/german\/wp-json\/wp\/v2\/pages\/1156","targetHints":{"allow":["GET"]}}],"collection":[{"href":"https:\/\/www.primedeer.com\/german\/wp-json\/wp\/v2\/pages"}],"about":[{"href":"https:\/\/www.primedeer.com\/german\/wp-json\/wp\/v2\/types\/page"}],"author":[{"embeddable":true,"href":"https:\/\/www.primedeer.com\/german\/wp-json\/wp\/v2\/users\/1"}],"replies":[{"embeddable":true,"href":"https:\/\/www.primedeer.com\/german\/wp-json\/wp\/v2\/comments?post=1156"}],"version-history":[{"count":19,"href":"https:\/\/www.primedeer.com\/german\/wp-json\/wp\/v2\/pages\/1156\/revisions"}],"predecessor-version":[{"id":1238,"href":"https:\/\/www.primedeer.com\/german\/wp-json\/wp\/v2\/pages\/1156\/revisions\/1238"}],"wp:attachment":[{"href":"https:\/\/www.primedeer.com\/german\/wp-json\/wp\/v2\/media?parent=1156"}],"curies":[{"name":"wp","href":"https:\/\/api.w.org\/{rel}","templated":true}]}}