{"id":5,"date":"2018-10-04T05:14:57","date_gmt":"2018-10-04T05:14:57","guid":{"rendered":"http:\/\/www.primedeer.com\/german\/home\/"},"modified":"2025-08-14T05:47:24","modified_gmt":"2025-08-14T05:47:24","slug":"home","status":"publish","type":"page","link":"https:\/\/www.primedeer.com\/german\/","title":{"rendered":"Home"},"content":{"rendered":"\n<h1>\n\t\t\tUnser Ziel ist es, marktfreundliche Hirschprodukte zu finden, zu entwickeln und zu liefern.en, zu entwickeln und zu liefern.\t<\/h1>\n\t\t\t<h2>\n\t\t\t\t\tMa\u00dfgeschneiderte Wildfleischst\u00fccke\n\t\t\t\t<\/h2>\n\t\t\t<h4>Der realistische Wert von Hirschfleisch kann davon abh\u00e4ngen, wie die Gene des Hirsches beschaffen sind, wie er gef\u00fcttert wird, wann er geschlachtet wird und wie gut das verarbeitete Teilst\u00fcck den W\u00fcnschen des Verbrauchers entspricht. Wir m\u00f6chten die besten Hirsche finden und die vom Kunden bevorzugten Teilst\u00fccke liefern.<\/h4>\n\t\t\t<h2>\n\t\t\t\t\tN\u00e4hrstoffreiche Wildbret-Patties\n\t\t\t\t<\/h2>\n\t\t\t<h4>Wir entwickeln und liefern verschiedene n\u00e4hrstoffreiche Wildbretpasteten, die zus\u00e4tzliche Zutaten zur Verbesserung der angestrebten gesundheitlichen Vorteile enthalten.<\/h4>\n\t\t\t<h5>\n\t\t\t\t\tSchreiben Sie uns eine E-Mail\n\t\t\t\t<\/h5>\n\t\t\t<p>info@primedeer.com\u200b<\/p>\n\t\t\t<h5>\n\t\t\t\t\tGesch\u00e4ftsanschrift\u200b\n\t\t\t\t<\/h5>\n\t\t\tWK Wieder-Kraft GmbH\nStresemannstra\u00dfe 23, 10963 Berlin\n\n","protected":false},"excerpt":{"rendered":"<p>Unser Ziel ist es, marktfreundliche Hirschprodukte zu finden, zu entwickeln und zu liefern.en, zu entwickeln und zu liefern. Ma\u00dfgeschneiderte Wildfleischst\u00fccke Der realistische Wert von Hirschfleisch kann davon abh\u00e4ngen, wie die Gene des Hirsches beschaffen sind, wie er gef\u00fcttert wird, wann er geschlachtet wird und wie gut das verarbeitete Teilst\u00fcck den W\u00fcnschen des Verbrauchers entspricht. Wir&hellip;<\/p>\n","protected":false},"author":1,"featured_media":0,"parent":0,"menu_order":0,"comment_status":"closed","ping_status":"closed","template":"","meta":{"footnotes":""},"class_list":["post-5","page","type-page","status-publish","hentry"],"_links":{"self":[{"href":"https:\/\/www.primedeer.com\/german\/wp-json\/wp\/v2\/pages\/5","targetHints":{"allow":["GET"]}}],"collection":[{"href":"https:\/\/www.primedeer.com\/german\/wp-json\/wp\/v2\/pages"}],"about":[{"href":"https:\/\/www.primedeer.com\/german\/wp-json\/wp\/v2\/types\/page"}],"author":[{"embeddable":true,"href":"https:\/\/www.primedeer.com\/german\/wp-json\/wp\/v2\/users\/1"}],"replies":[{"embeddable":true,"href":"https:\/\/www.primedeer.com\/german\/wp-json\/wp\/v2\/comments?post=5"}],"version-history":[{"count":102,"href":"https:\/\/www.primedeer.com\/german\/wp-json\/wp\/v2\/pages\/5\/revisions"}],"predecessor-version":[{"id":1252,"href":"https:\/\/www.primedeer.com\/german\/wp-json\/wp\/v2\/pages\/5\/revisions\/1252"}],"wp:attachment":[{"href":"https:\/\/www.primedeer.com\/german\/wp-json\/wp\/v2\/media?parent=5"}],"curies":[{"name":"wp","href":"https:\/\/api.w.org\/{rel}","templated":true}]}}